{"id":1979,"date":"2017-02-21T14:15:25","date_gmt":"2017-02-21T14:15:25","guid":{"rendered":"http:\/\/www.bmbg-consult.de\/digitalisierung\/"},"modified":"2023-02-24T14:13:52","modified_gmt":"2023-02-24T13:13:52","slug":"digitization","status":"publish","type":"page","link":"https:\/\/www.bmbg-consult.de\/en\/digitization\/","title":{"rendered":"Digitization"},"content":{"rendered":"<p><div class=\"fusion-fullwidth fullwidth-box fusion-builder-row-1 nonhundred-percent-fullwidth non-hundred-percent-height-scrolling\" style=\"--awb-border-radius-top-left:0px;--awb-border-radius-top-right:0px;--awb-border-radius-bottom-right:0px;--awb-border-radius-bottom-left:0px;--awb-padding-top:20px;--awb-padding-bottom:20px;--awb-flex-wrap:wrap;\" ><div class=\"fusion-builder-row fusion-row\"><div class=\"fusion-layout-column fusion_builder_column fusion-builder-column-0 fusion_builder_column_1_1 1_1 fusion-one-full fusion-column-first fusion-column-last\" style=\"--awb-bg-size:cover;\"><div class=\"fusion-column-wrapper fusion-flex-column-wrapper-legacy\"><div class=\"fusion-text fusion-text-1\"><h1 style=\"text-align: center;\">What is the Relevance of Digitization\u00a0for Small and Medium Size\u00a0Enterprises?<\/h1>\n<h2 style=\"text-align: center;\">Develop an IT landscape that fits to you own strategy. We will help you with this.<\/h2>\n<\/div><div class=\"fusion-sep-clear\"><\/div><div class=\"fusion-separator fusion-full-width-sep\" style=\"margin-left: auto;margin-right: auto;width:100%;\"><div class=\"fusion-separator-border sep-single sep-solid\" style=\"--awb-height:20px;--awb-amount:20px;--awb-sep-color:#3aac46;border-color:#3aac46;border-top-width:5px;\"><\/div><\/div><div class=\"fusion-sep-clear\"><\/div><div class=\"fusion-clearfix\"><\/div><\/div><\/div><\/div><\/div><div class=\"fusion-fullwidth fullwidth-box fusion-builder-row-2 nonhundred-percent-fullwidth non-hundred-percent-height-scrolling\" style=\"--awb-border-radius-top-left:0px;--awb-border-radius-top-right:0px;--awb-border-radius-bottom-right:0px;--awb-border-radius-bottom-left:0px;--awb-padding-top:20px;--awb-padding-bottom:20px;--awb-flex-wrap:wrap;\" ><div class=\"fusion-builder-row fusion-row\"><div class=\"fusion-layout-column fusion_builder_column fusion-builder-column-1 fusion_builder_column_2_3 2_3 fusion-two-third fusion-column-first\" style=\"--awb-padding-top:30px;--awb-padding-right:60px;--awb-padding-bottom:60px;--awb-padding-left:60px;--awb-bg-color:#ffffff;--awb-bg-color-hover:#ffffff;--awb-bg-size:cover;--awb-border-color:#d9d9d9;--awb-border-top:1px;--awb-border-right:1px;--awb-border-bottom:1px;--awb-border-left:1px;--awb-border-style:solid;width:66.666666666667%;width:calc(66.666666666667% - ( ( 4% ) * 0.66666666666667 ) );margin-right: 4%;\"><div class=\"fusion-column-wrapper fusion-flex-column-wrapper-legacy\"><div class=\"fusion-text fusion-text-2\"><h3>Industrie 4.0. Internet of Things.\u00a0SME Goes Digital.<\/h3>\n<p>Do you feel uncertain what exactly this\u00a0means for your enterprise? Then we could help with a consultancy project. Based on your strategy and strategic goals, we will extract the development opportunities and would propose the required steps to create or extend you digital landscape.<\/p>\n<\/div><div class=\"fusion-text fusion-text-3\"><h3>There are many initiatives on federal or state level to support SMEs on with digitization. Just to mention a few:<\/h3>\n<ul>\n<li>The Federal Ministry of Economic Affairs and Energy\u00a0(BMWi)\u00a0supports SMEs with their <a href=\"http:\/\/www.mittelstand-digital.de\/\">Mittelstand Digital<\/a> initiative. The focus is on digitizing the production processes\u00a0and work environments.\u00a0Locally this initiative is supported by competence centers\u00a0\u00a0e.g. in Thuringia\u00a0(<a href=\"http:\/\/www.mittelstand-digital.de\/DE\/Foerderinitiativen\/Mittelstand-4-0\/kompetenzzentrum-ilmenau.html\">an der TU Ilmenau<\/a>) and Saxony (<a href=\"http:\/\/www.mittelstand-digital.de\/DE\/Foerderinitiativen\/Mittelstand-4-0\/kompetenzzentrum-chemnitz.html\">an der\u00a0TU\u00a0Chemnitz<\/a>)<\/li>\n<li>The Saxon State Ministry for Economic Affairs, Labour and Transport\u00a0(SMWA)launched a\u00a0<a href=\"https:\/\/www.medienservice.sachsen.de\/medien\/news\/208811\">Pilot Project\u00a0for Digital\u00a0 Competence<\/a>\u00a0beginning of February<\/li>\n<li>The State of\u00a0 Thuringia\u00a0 has a running 10-point program also\u00a0focusing on the <a href=\"https:\/\/wirtschaft.thueringen.de\/digitale-gesellschaft\/\" target=\"_blank\" rel=\"noopener\" class=\"broken_link\">Digitization of SMEs 4.0<\/a><\/li>\n<\/ul>\n<p>Each of these programs requires from our point of view a solid and careful\u00a0analysis of your own\u00a0strategy\u00a0to develot a set of adequate options matching with\u00a0the vision and mission of your organisation. This ensures that the substantial efforts related digitization are spent on the right topics.<\/p>\n<\/div><div class=\"fusion-aligncenter\"><a class=\"fusion-button button-flat fusion-button-default-size button-default fusion-button-default button-1 fusion-button-default-span fusion-button-default-type\" target=\"_self\" href=\"\/contact\"><span class=\"fusion-button-text awb-button__text awb-button__text--default\">Learn more sitting together &#8230;<\/span><\/a><\/div><div class=\"fusion-clearfix\"><\/div><\/div><\/div><div class=\"fusion-layout-column fusion_builder_column fusion-builder-column-2 fusion_builder_column_1_3 1_3 fusion-one-third fusion-column-last\" style=\"--awb-bg-size:cover;width:33.333333333333%;width:calc(33.333333333333% - ( ( 4% ) * 0.33333333333333 ) );\"><div class=\"fusion-column-wrapper fusion-flex-column-wrapper-legacy\"><div class=\"fusion-blog-shortcode fusion-blog-shortcode-1 fusion-blog-archive fusion-blog-layout-medium fusion-blog-pagination\"><div class=\"fusion-posts-container fusion-posts-container-pagination fusion-blog-rollover\" data-pages=\"1\"><article id=\"blog-1-post-2602\" class=\"fusion-post-medium post-2602 post type-post status-publish format-standard has-post-thumbnail hentry category-business-succession category-digitization category-international-en category-saxony category-strategie-en\">\n\t<style type=\"text\/css\">\n\t\t\n\t\t\n\t\t\n\t\t\n\t\t\t<\/style>\n\n\n\t\t\t<div class=\"fusion-flexslider flexslider fusion-flexslider-loading fusion-post-slideshow\" style=\"\">\n\t\t<ul class=\"slides\">\n\t\t\t\n\t\t\t\t\t\t\t\t\t\t\t\t\t\t<li><div  class=\"fusion-image-wrapper fusion-image-size-fixed\" aria-haspopup=\"true\">\n\t\t\t\t<img decoding=\"async\" width=\"320\" height=\"202\" src=\"https:\/\/www.bmbg-consult.de\/wp-content\/uploads\/2018\/10\/IMG_20181025_113821-320x202.jpg\" class=\"attachment-blog-medium size-blog-medium wp-post-image\" alt=\"\" srcset=\"https:\/\/www.bmbg-consult.de\/wp-content\/uploads\/2018\/10\/IMG_20181025_113821-320x202.jpg 320w, https:\/\/www.bmbg-consult.de\/wp-content\/uploads\/2018\/10\/IMG_20181025_113821-700x441.jpg 700w\" sizes=\"(max-width: 320px) 100vw, 320px\" \/><div class=\"fusion-rollover\">\n\t<div class=\"fusion-rollover-content\">\n\n\t\t\t\t\t\t\t\t\t\t\t\t\t\t<a class=\"fusion-rollover-link\" href=\"https:\/\/www.bmbg-consult.de\/en\/network-event-dresnder-weitsicht\/\">Network Event Dresdner Weitsicht<\/a>\n\t\t\t\n\t\t\t\t\t\t\t\t\t\t\t\t\t\t\n\t\t\t\t\t\t\t\t\n\t\t\t\t\t\t\t\t\t\t\t\t\t<div class=\"fusion-rollover-sep\"><\/div>\n\t\t\t\t\n\t\t\t\t\t\t\t\t\t\t\t\t\t\t\t\t\t\t<a class=\"fusion-rollover-gallery\" href=\"https:\/\/www.bmbg-consult.de\/wp-content\/uploads\/2018\/10\/IMG_20181025_113821.jpg\" data-options=\"\" data-id=\"2602\" data-rel=\"iLightbox[gallery]\" data-title=\"M7\" data-caption=\"networking at the Dresdner Weitischt\">\n\t\t\t\t\t\tGallery\t\t\t\t\t<\/a>\n\t\t\t\t\t\t\t\t\t\t\t\t\t\t\n\t\t\n\t\t\t\t\t\t\t\t\t\t\t\t<h4 class=\"fusion-rollover-title\">\n\t\t\t\t\t<a class=\"fusion-rollover-title-link\" href=\"https:\/\/www.bmbg-consult.de\/en\/network-event-dresnder-weitsicht\/\">\n\t\t\t\t\t\tNetwork Event Dresdner Weitsicht\t\t\t\t\t<\/a>\n\t\t\t\t<\/h4>\n\t\t\t\n\t\t\t\t\t\t\t\t\t\t<div class=\"fusion-rollover-categories\"><a href=\"https:\/\/www.bmbg-consult.de\/en\/category\/business-succession\/\" rel=\"tag\">Business Succession<\/a>, <a href=\"https:\/\/www.bmbg-consult.de\/en\/category\/digitization\/\" rel=\"tag\">Digitization<\/a>, <a href=\"https:\/\/www.bmbg-consult.de\/en\/category\/international-en\/\" rel=\"tag\">International<\/a>, <a href=\"https:\/\/www.bmbg-consult.de\/en\/category\/saxony\/\" rel=\"tag\">Saxony<\/a>, <a href=\"https:\/\/www.bmbg-consult.de\/en\/category\/strategie-en\/\" rel=\"tag\">Strategie<\/a><\/div>\t\t\t\t\t\n\t\t\n\t\t\t\t\t\t<a class=\"fusion-link-wrapper\" href=\"https:\/\/www.bmbg-consult.de\/en\/network-event-dresnder-weitsicht\/\" aria-label=\"Network Event Dresdner Weitsicht\"><\/a>\n\t<\/div>\n<\/div>\n<\/div>\n<\/li>\n\t\t\t\n\t\t\t\n\t\t\t\t\t\t\t\t\t\t\t\t\t\t\t\t\t\t\t\t\t\t\t\t\t\t\t\t\t\t\t\t\t\t\t\t\t\t\t\t\t\t\t\t\t\t\t\t\t\t\t\t\t\t\t\t\t\t\t\t\t\t\t\t\t\t\t\t<\/ul>\n\t<\/div>\n\t<div class=\"fusion-post-content post-content\"><h2 class=\"blog-shortcode-post-title entry-title\"><a href=\"https:\/\/www.bmbg-consult.de\/en\/network-event-dresnder-weitsicht\/\">Network Event Dresdner Weitsicht<\/a><\/h2><div class=\"fusion-post-content-container\"><p> Brining together local small and medium size enterprises to foster networking is the prime goal of the networking event Dresdner Weitsicht. I am represented with a booth in the area of the BVMW (the [...]<\/p><\/div><\/div><div class=\"fusion-clearfix\"><\/div><div class=\"fusion-meta-info\"><div class=\"fusion-alignleft\">By <span class=\"vcard\"><span class=\"fn\"><a href=\"https:\/\/www.bmbg-consult.de\/en\/author\/jhpconsultbmbg\/\" title=\"Posts by Jan Hendrik Peters\" rel=\"author\">Jan Hendrik Peters<\/a><\/span><\/span><span class=\"fusion-inline-sep\">|<\/span><span class=\"updated\" style=\"display:none;\">2018-10-25T10:27:27+02:00<\/span><span> 25. October 2018<\/span><span class=\"fusion-inline-sep\">|<\/span>Categories: <a href=\"https:\/\/www.bmbg-consult.de\/en\/category\/business-succession\/\" rel=\"category tag\">Business Succession<\/a>, <a href=\"https:\/\/www.bmbg-consult.de\/en\/category\/digitization\/\" rel=\"category tag\">Digitization<\/a>, <a href=\"https:\/\/www.bmbg-consult.de\/en\/category\/international-en\/\" rel=\"category tag\">International<\/a>, <a href=\"https:\/\/www.bmbg-consult.de\/en\/category\/saxony\/\" rel=\"category tag\">Saxony<\/a>, <a href=\"https:\/\/www.bmbg-consult.de\/en\/category\/strategie-en\/\" rel=\"category tag\">Strategie<\/a><span class=\"fusion-inline-sep\">|<\/span><span class=\"fusion-comments\"><span>Comments Off<span class=\"screen-reader-text\"> on Network Event Dresdner Weitsicht<\/span><\/span><\/span><\/div><div class=\"fusion-alignright\"><a class=\"fusion-read-more\" href=\"https:\/\/www.bmbg-consult.de\/en\/network-event-dresnder-weitsicht\/\" aria-label=\"More on Network Event Dresdner Weitsicht\">Read More<\/a><\/div><\/div><\/article>\n<article id=\"blog-1-post-2207\" class=\"fusion-post-medium post-2207 post type-post status-publish format-standard hentry category-digitization category-international-en category-metal-processing category-saxony\">\n\t<style type=\"text\/css\">\n\t\t\n\t\t\n\t\t\n\t\t\n\t\t\t<\/style>\n\n\n<div class=\"fusion-post-content post-content\"><h2 class=\"blog-shortcode-post-title entry-title\"><a href=\"https:\/\/www.bmbg-consult.de\/en\/3d-metal-printing-and-industrie-4-0-at-the-z-intec-trade-fair-in-lepizig\/\">3D Metal Printing and Industrie 4.0 at the Z \/ Intec Trade Fair in Lepizig<\/a><\/h2><div class=\"fusion-post-content-container\"><p>Last week, from March 7 to 10, Z \/ Intec, the leading trade fair for the metal processing industry and its suppliers in Germany and Europe, \u00a0opened its floors\u00a0in\u00a0the four major halls\u00a0of the Leipziger Messe [...]<\/p><\/div><\/div><div class=\"fusion-clearfix\"><\/div><div class=\"fusion-meta-info\"><div class=\"fusion-alignleft\">By <span class=\"vcard\"><span class=\"fn\"><a href=\"https:\/\/www.bmbg-consult.de\/en\/author\/jhpconsultbmbg\/\" title=\"Posts by Jan Hendrik Peters\" rel=\"author\">Jan Hendrik Peters<\/a><\/span><\/span><span class=\"fusion-inline-sep\">|<\/span><span class=\"updated\" style=\"display:none;\">2017-03-15T20:06:32+01:00<\/span><span> 15. March 2017<\/span><span class=\"fusion-inline-sep\">|<\/span>Categories: <a href=\"https:\/\/www.bmbg-consult.de\/en\/category\/digitization\/\" rel=\"category tag\">Digitization<\/a>, <a href=\"https:\/\/www.bmbg-consult.de\/en\/category\/international-en\/\" rel=\"category tag\">International<\/a>, <a href=\"https:\/\/www.bmbg-consult.de\/en\/category\/metal-processing\/\" rel=\"category tag\">Metall Processing<\/a>, <a href=\"https:\/\/www.bmbg-consult.de\/en\/category\/saxony\/\" rel=\"category tag\">Saxony<\/a><span class=\"fusion-inline-sep\">|<\/span><span class=\"fusion-comments\"><span>Comments Off<span class=\"screen-reader-text\"> on 3D Metal Printing and Industrie 4.0 at the Z \/ Intec Trade Fair in Lepizig<\/span><\/span><\/span><\/div><div class=\"fusion-alignright\"><a class=\"fusion-read-more\" href=\"https:\/\/www.bmbg-consult.de\/en\/3d-metal-printing-and-industrie-4-0-at-the-z-intec-trade-fair-in-lepizig\/\" aria-label=\"More on 3D Metal Printing and Industrie 4.0 at the Z \/ Intec Trade Fair in Lepizig\">Read More<\/a><\/div><\/div><\/article>\n<article id=\"blog-1-post-2012\" class=\"fusion-post-medium post-2012 post type-post status-publish format-standard has-post-thumbnail hentry category-digitization category-saxony tag-digitalisierung-en\">\n\t<style type=\"text\/css\">\n\t\t\t\t\t#blog-1-post-2012 .fusion-post-slideshow {\n\t\t\t\tmax-width: 100% !important;\n\t\t\t}\n\t\t\n\t\t\n\t\t\n\t\t\t\t\t#blog-1-post-2012 .fusion-post-slideshow .fusion-image-wrapper img {\n\t\t\t\theight: auto;\n\t\t\t}\n\t\t\n\t\t\t<\/style>\n\n\n\t\t\t<div class=\"fusion-flexslider flexslider fusion-flexslider-loading fusion-post-slideshow\" style=\"\">\n\t\t<ul class=\"slides\">\n\t\t\t\n\t\t\t\t\t\t\t\t\t\t\t\t\t\t<li><div  class=\"fusion-image-wrapper\" aria-haspopup=\"true\">\n\t\t\t\t<img decoding=\"async\" width=\"300\" height=\"199\" src=\"https:\/\/www.bmbg-consult.de\/wp-content\/uploads\/2017\/02\/Fotolia_33871911_S-e1486476093488.jpg\" class=\"attachment-full size-full wp-post-image\" alt=\"\" \/><div class=\"fusion-rollover\">\n\t<div class=\"fusion-rollover-content\">\n\n\t\t\t\t\n\t\t\n\t\t\t\t\t\t\t\t\t\t\t\t<h4 class=\"fusion-rollover-title\">\n\t\t\t\t\t<a class=\"fusion-rollover-title-link\" href=\"https:\/\/www.bmbg-consult.de\/en\/sachsen-foerdert-die-digitalisierung\/\">\n\t\t\t\t\t\tSachsen f\u00f6rdert die Digitalisierung\t\t\t\t\t<\/a>\n\t\t\t\t<\/h4>\n\t\t\t\n\t\t\t\t\t\t\t\t\t\t<div class=\"fusion-rollover-categories\"><a href=\"https:\/\/www.bmbg-consult.de\/en\/category\/digitization\/\" rel=\"tag\">Digitization<\/a>, <a href=\"https:\/\/www.bmbg-consult.de\/en\/category\/saxony\/\" rel=\"tag\">Saxony<\/a><\/div>\t\t\t\t\t\n\t\t\n\t\t\t\t\t\t<a class=\"fusion-link-wrapper\" href=\"https:\/\/www.bmbg-consult.de\/en\/sachsen-foerdert-die-digitalisierung\/\" aria-label=\"Sachsen f\u00f6rdert die Digitalisierung\"><\/a>\n\t<\/div>\n<\/div>\n<\/div>\n<\/li>\n\t\t\t\n\t\t\t\n\t\t\t\t\t\t\t\t\t\t\t\t\t\t\t\t\t\t\t\t\t\t\t\t\t\t\t\t\t\t\t\t\t\t\t\t\t\t\t\t\t\t\t\t\t\t\t\t\t\t\t\t\t\t\t\t\t\t\t\t\t\t\t\t\t\t\t\t<\/ul>\n\t<\/div>\n\t<div class=\"fusion-post-content post-content\"><h2 class=\"blog-shortcode-post-title entry-title\"><a href=\"https:\/\/www.bmbg-consult.de\/en\/sachsen-foerdert-die-digitalisierung\/\">Sachsen f\u00f6rdert die Digitalisierung<\/a><\/h2><div class=\"fusion-post-content-container\"><p>Am 2. Februar hat das S\u00e4chsische Staatsministerium f\u00fcr Wirtschaft, Arbeit und Verkehr (SMWA) ein Pilotprojekt f\u00fcr mehr digitale Kompetenz im Mittelstand gestartet. Die entsprechende Pressemitteilung finden Sie auf den Webseiten des SMWA. Mit unserem\u00a0Partner der [...]<\/p><\/div><\/div><div class=\"fusion-clearfix\"><\/div><div class=\"fusion-meta-info\"><div class=\"fusion-alignleft\">By <span class=\"vcard\"><span class=\"fn\"><a href=\"https:\/\/www.bmbg-consult.de\/en\/author\/jhpconsultbmbg\/\" title=\"Posts by Jan Hendrik Peters\" rel=\"author\">Jan Hendrik Peters<\/a><\/span><\/span><span class=\"fusion-inline-sep\">|<\/span><span class=\"updated\" style=\"display:none;\">2017-02-23T13:20:12+01:00<\/span><span> 7. February 2017<\/span><span class=\"fusion-inline-sep\">|<\/span>Categories: <a href=\"https:\/\/www.bmbg-consult.de\/en\/category\/digitization\/\" rel=\"category tag\">Digitization<\/a>, <a href=\"https:\/\/www.bmbg-consult.de\/en\/category\/saxony\/\" rel=\"category tag\">Saxony<\/a><span class=\"fusion-inline-sep\">|<\/span><span class=\"meta-tags\">Tags: <a href=\"https:\/\/www.bmbg-consult.de\/en\/tag\/digitalisierung-en\/\" rel=\"tag\">Digitalisierung<\/a><\/span><span class=\"fusion-inline-sep\">|<\/span><span class=\"fusion-comments\"><span>Comments Off<span class=\"screen-reader-text\"> on Sachsen f\u00f6rdert die Digitalisierung<\/span><\/span><\/span><\/div><div class=\"fusion-alignright\"><a class=\"fusion-read-more\" href=\"https:\/\/www.bmbg-consult.de\/en\/sachsen-foerdert-die-digitalisierung\/\" aria-label=\"More on Sachsen f\u00f6rdert die Digitalisierung\">Read More<\/a><\/div><\/div><\/article>\n<\/div><\/div><div class=\"fusion-clearfix\"><\/div><\/div><\/div><\/div><\/div><\/p>\n","protected":false},"excerpt":{"rendered":"","protected":false},"author":2,"featured_media":0,"parent":0,"menu_order":0,"comment_status":"closed","ping_status":"closed","template":"","meta":{"footnotes":""},"class_list":["post-1979","page","type-page","status-publish","hentry"],"_links":{"self":[{"href":"https:\/\/www.bmbg-consult.de\/en\/wp-json\/wp\/v2\/pages\/1979","targetHints":{"allow":["GET"]}}],"collection":[{"href":"https:\/\/www.bmbg-consult.de\/en\/wp-json\/wp\/v2\/pages"}],"about":[{"href":"https:\/\/www.bmbg-consult.de\/en\/wp-json\/wp\/v2\/types\/page"}],"author":[{"embeddable":true,"href":"https:\/\/www.bmbg-consult.de\/en\/wp-json\/wp\/v2\/users\/2"}],"replies":[{"embeddable":true,"href":"https:\/\/www.bmbg-consult.de\/en\/wp-json\/wp\/v2\/comments?post=1979"}],"version-history":[{"count":11,"href":"https:\/\/www.bmbg-consult.de\/en\/wp-json\/wp\/v2\/pages\/1979\/revisions"}],"predecessor-version":[{"id":45355,"href":"https:\/\/www.bmbg-consult.de\/en\/wp-json\/wp\/v2\/pages\/1979\/revisions\/45355"}],"wp:attachment":[{"href":"https:\/\/www.bmbg-consult.de\/en\/wp-json\/wp\/v2\/media?parent=1979"}],"curies":[{"name":"wp","href":"https:\/\/api.w.org\/{rel}","templated":true}]}}